{"id":170,"date":"2020-08-04T11:12:32","date_gmt":"2020-08-04T11:12:32","guid":{"rendered":"http:\/\/ra-erdemir.de\/?page_id=170"},"modified":"2020-08-04T11:12:32","modified_gmt":"2020-08-04T11:12:32","slug":"kooperation-tuerkei","status":"publish","type":"page","link":"https:\/\/ra-erdemir.de\/?page_id=170","title":{"rendered":"Kooperation T\u00fcrkei"},"content":{"rendered":"\n<p>In Kooperation mit Sahin Hukuk B\u00fcrosu, Istanbul<\/p>\n\n\n\n<p>Falls Sie rechtliche Hilfe in der T\u00fcrkei ben\u00f6tigen.<\/p>\n\n\n\n<p>&#8211; Forderungsmanagement<\/p>\n\n\n\n<p>&#8211; Hauskauf<\/p>\n\n\n\n<p>&#8211; Erbrecht<\/p>\n\n\n\n<p>&#8211; Scheidung<\/p>\n\n\n\n<p>&#8211; Firmengr\u00fcndung<\/p>\n\n\n\n<p>&#8211; u.v.m.<\/p>\n\n\n\n<p><a href=\"http:\/\/avukatserdarsahin.com\/index.html\">http:\/\/avukatserdarsahin.com\/index.html<\/a><\/p>\n\n\n\n<figure class=\"wp-block-image size-large\"><img decoding=\"async\" loading=\"lazy\" width=\"528\" height=\"135\" src=\"https:\/\/ra-erdemir.de\/wp-content\/uploads\/2020\/08\/32314935.jpg\" alt=\"\" class=\"wp-image-171\" srcset=\"https:\/\/ra-erdemir.de\/wp-content\/uploads\/2020\/08\/32314935.jpg 528w, https:\/\/ra-erdemir.de\/wp-content\/uploads\/2020\/08\/32314935-300x77.jpg 300w\" sizes=\"(max-width: 528px) 100vw, 528px\" \/><\/figure>\n","protected":false},"excerpt":{"rendered":"<p>In Kooperation mit Sahin Hukuk B\u00fcrosu, Istanbul Falls Sie rechtliche Hilfe in der T\u00fcrkei ben\u00f6tigen. &#8211; Forderungsmanagement &#8211; Hauskauf &#8211; Erbrecht &#8211; Scheidung &#8211; Firmengr\u00fcndung &#8211; u.v.m. http:\/\/avukatserdarsahin.com\/index.html<\/p>\n","protected":false},"author":2,"featured_media":0,"parent":0,"menu_order":0,"comment_status":"closed","ping_status":"closed","template":"","meta":[],"_links":{"self":[{"href":"https:\/\/ra-erdemir.de\/index.php?rest_route=\/wp\/v2\/pages\/170"}],"collection":[{"href":"https:\/\/ra-erdemir.de\/index.php?rest_route=\/wp\/v2\/pages"}],"about":[{"href":"https:\/\/ra-erdemir.de\/index.php?rest_route=\/wp\/v2\/types\/page"}],"author":[{"embeddable":true,"href":"https:\/\/ra-erdemir.de\/index.php?rest_route=\/wp\/v2\/users\/2"}],"replies":[{"embeddable":true,"href":"https:\/\/ra-erdemir.de\/index.php?rest_route=%2Fwp%2Fv2%2Fcomments&post=170"}],"version-history":[{"count":1,"href":"https:\/\/ra-erdemir.de\/index.php?rest_route=\/wp\/v2\/pages\/170\/revisions"}],"predecessor-version":[{"id":172,"href":"https:\/\/ra-erdemir.de\/index.php?rest_route=\/wp\/v2\/pages\/170\/revisions\/172"}],"wp:attachment":[{"href":"https:\/\/ra-erdemir.de\/index.php?rest_route=%2Fwp%2Fv2%2Fmedia&parent=170"}],"curies":[{"name":"wp","href":"https:\/\/api.w.org\/{rel}","templated":true}]}}