{"id":2,"date":"2016-05-10T03:48:21","date_gmt":"2016-05-10T03:48:21","guid":{"rendered":"http:\/\/ra-erdemir.de\/?page_id=2"},"modified":"2022-02-07T12:44:32","modified_gmt":"2022-02-07T12:44:32","slug":"sample-page","status":"publish","type":"page","link":"https:\/\/ra-erdemir.de\/","title":{"rendered":"Herzlich Willkommen auf der Internetseite der Anwaltskanzlei Erdemir!"},"content":{"rendered":"\n<p class=\"has-text-align-center\"><strong>Herzlich Willkommen auf der Internetseite der Anwaltskanzlei Erdemir! <\/strong>. <\/p>\n\n\n\n<p class=\"has-text-align-center\">Anwaltskanzlei Erdemir &amp; Partner<br><strong>Kaya Erdemir<\/strong><br>Lothringer Str. 29-31<br><a href=\"https:\/\/plzplz.de\/PLZ_52062\/\">52062<\/a> Aachen<\/p>\n\n\n\n<hr class=\"wp-block-separator has-text-color has-background has-vivid-cyan-blue-background-color has-vivid-cyan-blue-color\"\/>\n\n\n\n<p class=\"has-text-align-center\"><strong>Schwerpunkte<\/strong> <\/p>\n\n\n\n<p class=\"has-text-align-center\">\u2666 Familienrecht \u2666 Verkehrsrecht \u2666 Ausl\u00e4nderrecht \u2666 Strafrecht<br>\u2666 Vertragsrecht &amp; Kaufrecht<br>\u2666 Gesellschaftsrecht<\/p>\n\n\n\n<hr class=\"wp-block-separator has-text-color has-background has-vivid-cyan-blue-background-color has-vivid-cyan-blue-color\"\/>\n\n\n\n<h2 class=\"has-text-align-center &lt;style&gt; a.phoneMe { position: fixed; right: 0px; bottom: left: height: 30px; background: green; color: white; } &lt;\/style&gt; wp-block-heading\"><a href=\"tel:+49241602094\"><img decoding=\"async\" loading=\"lazy\" width=\"117\" height=\"100\" class=\"wp-image-195\" style=\"width: 50px;\" src=\"https:\/\/ra-erdemir.de\/wp-content\/uploads\/2020\/08\/image-4.png\" alt=\"\"><\/a><\/h2>\n\n\n\n<h4 class=\"has-text-align-center &lt;style&gt; a.phoneMe { position: fixed; right: 0px; bottom: left: height: 30px; background: green; color: white; } &lt;\/style&gt; wp-block-heading\" id=\"jetzt-anrufen\"><a href=\"tel:+49241602094\">Jetzt anrufen<\/a><\/h4>\n\n\n\n<hr class=\"wp-block-separator has-text-color has-background has-vivid-cyan-blue-background-color has-vivid-cyan-blue-color\"\/>\n\n\n\n<div class=\"wp-block-image is-style-default\"><figure class=\"aligncenter size-large\"><img decoding=\"async\" loading=\"lazy\" width=\"600\" height=\"448\" src=\"https:\/\/ra-erdemir.de\/wp-content\/uploads\/2020\/08\/32313848.jpg\" alt=\"\" class=\"wp-image-175\" srcset=\"https:\/\/ra-erdemir.de\/wp-content\/uploads\/2020\/08\/32313848.jpg 600w, https:\/\/ra-erdemir.de\/wp-content\/uploads\/2020\/08\/32313848-300x224.jpg 300w\" sizes=\"(max-width: 600px) 100vw, 600px\" \/><\/figure><\/div>\n\n\n\n<p class=\"has-text-align-center\">Sie haben ein rechtliches Problem? Sie brauchen eine unverbindliche Rechtsberatung?<\/p>\n\n\n\n<p class=\"has-text-align-center\">Dann sind Sie bei uns richtig!<\/p>\n\n\n\n<p class=\"has-text-align-center\"><span>Egal, ob Sie einen Rechtsstreit bef\u00fcrchten, einen Unfall im Stra\u00dfenverkehr erlitten haben und Anspr\u00fcche geltend machen m\u00f6chten, Beistand in Straf- und Ordnungswidrigkeitsverfahren ben\u00f6tigen, \u00c4rger mit Finanzbeh\u00f6rden haben, oder sonst allgemeine Fragen zum Thema Recht haben:<\/span><\/p>\n\n\n\n<p class=\"has-text-align-center\"><span style=\"color: ;\">Wir sind f\u00fcr Sie da! Kontaktieren Sie uns doch einfach ganz unverbindlich \u00fcber das Kontaktformular oder per E-Mail, damit wir uns pers\u00f6nlich um Ihren Fall k\u00fcmmern k\u00f6nnen. Dabei achten wir darauf, m\u00f6glichst eine au\u00dfergerichtliche L\u00f6sung der Probleme zu finden. Schlie\u00dflich geht es um Ihr Geld und Ihre Zeit.<\/span><\/p>\n\n\n\n<p class=\"has-text-align-center\"><span style=\"color:;\">Sollte dennoch einmal die F\u00fchrung eines Prozesses notwendig werden, vertreten wir Sie gern und k\u00f6nnen bei allen Amts- und Landgerichten sowie Sozial-, Arbeits- und Strafgerichten in Ihrem Interesse auftreten.<\/span><\/p>\n\n\n\n<hr class=\"wp-block-separator\"\/>\n\n\n\n<div class=\"wp-block-image is-style-rounded\"><figure class=\"aligncenter size-large\"><img decoding=\"async\" loading=\"lazy\" width=\"600\" height=\"448\" src=\"https:\/\/ra-erdemir.de\/wp-content\/uploads\/2020\/07\/32313743.jpg\" alt=\"\" class=\"wp-image-22\" srcset=\"https:\/\/ra-erdemir.de\/wp-content\/uploads\/2020\/07\/32313743.jpg 600w, https:\/\/ra-erdemir.de\/wp-content\/uploads\/2020\/07\/32313743-300x224.jpg 300w\" sizes=\"(max-width: 600px) 100vw, 600px\" \/><\/figure><\/div>\n\n\n\n<h3 class=\"has-text-align-center wp-block-heading\" id=\"About\">Wir \u00fcber uns<\/h3>\n\n\n\n<p class=\"has-text-align-center\">Unsere Kanzlei haben wir bereits im Juni 1996 er\u00f6ffnet. Gute Arbeit findet eben auch gro\u00dfen Anklang. Dabei erg\u00e4nzen wir uns durch vielf\u00e4ltige Qualifikationen und Erfahrungen auf&rsquo;s Beste. Schlie\u00dflich arbeiten wir im Team und so stellt jeder jedem seine Kenntnisse und Erfahrungen zur Verf\u00fcgung.<\/p>\n\n\n\n<p class=\"has-text-align-center\">Wir verstehen uns als ein modernes Beratungs- und Dienstleistungsunternehmen. Mandantenzufriedenheit ist f\u00fcr uns oberstes Gebot. Diese erreichen wir durch sorgf\u00e4ltige und kompetente Beratung unserer Mandanten. Dazu arbeiten wir wo immer angemessen im Team. So profitieren unsere Mandanten vom gesammelten Erfahrungs- und Wissensschatz unserer Spezialisten.<\/p>\n\n\n\n<hr class=\"wp-block-separator\"\/>\n\n\n\n<div class=\"wp-block-image\"><figure class=\"aligncenter is-resized\"><img decoding=\"async\" loading=\"lazy\" src=\"https:\/\/ra-erdemir.de\/wp-content\/uploads\/2020\/07\/32313558-300x199.jpg\" alt=\"\" class=\"wp-image-23\" width=\"576\" height=\"383\" srcset=\"https:\/\/ra-erdemir.de\/wp-content\/uploads\/2020\/07\/32313558-300x199.jpg 300w, https:\/\/ra-erdemir.de\/wp-content\/uploads\/2020\/07\/32313558.jpg 600w\" sizes=\"(max-width: 576px) 100vw, 576px\" \/><\/figure><\/div>\n\n\n\n<p class=\"has-text-align-center\"><b>Unsere T\u00e4tigkeitsschwerpunkte<\/b><\/p>\n\n\n\n<p class=\"has-text-align-center\">Sie suchen einen ausgewiesenen Spezialisten f\u00fcr Ihr Anliegen?<\/p>\n\n\n\n<p class=\"has-text-align-center\">Wir konzentrieren uns auf folgende Schwerpunkte und helfen Ihnen gerne in diesen Bereichen:<\/p>\n\n\n\n<hr class=\"wp-block-separator has-text-color has-background has-vivid-cyan-blue-background-color has-vivid-cyan-blue-color\"\/>\n\n\n\n<p class=\"has-text-align-center\"><b>&nbsp;\u2666&nbsp;<a href=\"https:\/\/www.ra-erdemir.de\/familienrecht.html\">Familienrecht<\/a><\/b><\/p>\n\n\n\n<p class=\"has-text-align-center\">Trennung, Scheidung, Sorgerecht, Umgangsrecht, Unterhaltsberechnung, Vaterschaft&#8230;<\/p>\n\n\n\n<hr class=\"wp-block-separator has-text-color has-background has-vivid-cyan-blue-background-color has-vivid-cyan-blue-color\"\/>\n\n\n\n<p class=\"has-text-align-center\"><b>&nbsp;\u2666&nbsp;<a href=\"https:\/\/www.ra-erdemir.de\/verkehrsrecht.html\">Verkehrsrecht<\/a><\/b><\/p>\n\n\n\n<p class=\"has-text-align-center\">Bu\u00dfgeldbescheid, Fahrverbot, F\u00fchrerschein, Geschwindigkeits\u00fcbertragung, Schmerzensgeld, Unfallregulierung&#8230;<\/p>\n\n\n\n<h6 class=\"has-text-align-center wp-block-heading\" id=\"bussgeldrechner\">Bu\u00dfgeldrechner:<\/h6>\n\n\n\n<p>Sie sind zu schnell gefahren und m\u00f6chten wissen mit welchem Bu\u00dfgeld Sie bei einer Geschwindigkeits\u00fcberschreitung rechnen m\u00fcssen? Anhand dieses Bu\u00dfgeldrechners k\u00f6nnen Sie ermitteln, welche Strafe auf Sie zukommt.<br>Sollten Ihnen Punkte oder sogar ein Fahrverbot drohen, ist der fr\u00fchzeitige Kontakt zu einem Anwalt f\u00fcr Verkehrsrecht zu empfehlen.<\/p>\n\n\n\n<p>Haben Sie einen Anh\u00f6rungsbogen oder einen Bu\u00dfgeldbescheid erhalten und ben\u00f6tigen nunmehr einen Anwalt f\u00fcr Verkehrsrecht in Aachen, \u00fcbernehme ich gerne Ihre Verteidigung im Bu\u00dfgeldverfahren.&nbsp;&nbsp;<a href=\"http:\/\/www.verkehrsportal.de\/board\/index.php?act=home\" target=\"_blank\" rel=\"noreferrer noopener\">http:\/\/www.verkehrsportal.de<\/a><\/p>\n\n\n\n<hr class=\"wp-block-separator has-text-color has-background has-vivid-cyan-blue-background-color has-vivid-cyan-blue-color\"\/>\n\n\n\n<p class=\"has-text-align-center\"><b>&nbsp;\u2666&nbsp;<a href=\"https:\/\/www.ra-erdemir.de\/auslaenderrecht.html\">Ausl\u00e4nderrecht<\/a><\/b><\/p>\n\n\n\n<p class=\"has-text-align-center\">Abschiebung, Aufenthaltsgenehmigung, Arbeitsgenehmigung, Asyl, Ausweisung, Visum, Familiennachzug, Staatsangeh\u00f6rigkeitsrecht&#8230;<\/p>\n\n\n\n<hr class=\"wp-block-separator has-text-color has-background has-vivid-cyan-blue-background-color has-vivid-cyan-blue-color\"\/>\n\n\n\n<p class=\"has-text-align-center\"><b>&nbsp;\u2666&nbsp;<a href=\"https:\/\/www.ra-erdemir.de\/strafrecht.html\">Strafrecht<\/a>&nbsp;<\/b><\/p>\n\n\n\n<p class=\"has-text-align-center\">Bew\u00e4hrung, Durchsuchung, Ermittlungsverfahren, Haftbeschwerde, Haftpr\u00fcfung, Nebenklage, Strafanzeige, Strafbefehl, Strafprozessrecht, Jugendstrafrecht, Bet\u00e4ubungsmittel, BTMG&#8230;<\/p>\n\n\n\n<hr class=\"wp-block-separator has-text-color has-background has-vivid-cyan-blue-background-color has-vivid-cyan-blue-color\"\/>\n\n\n\n<p class=\"has-text-align-center\"><b>&nbsp;\u2666&nbsp;<a href=\"https:\/\/www.ra-erdemir.de\/vertrags-kaufr.html\">Vertragsrecht &amp; Kaufrecht<\/a><\/b><\/p>\n\n\n\n<p class=\"has-text-align-center\">F\u00fcr K\u00e4ufer und Verk\u00e4ufer, Vertrags Fragen, AGB, Fernabsatzvertrag, Online-Kauf, Autokauf, Garantie, Gew\u00e4hrleistung, Haftungsausschluss, Nachbesserung, Sachmangel, Versendungskauf, Versteigerung, Vorvertrag, Widerrufsrecht \u2026<\/p>\n\n\n\n<hr class=\"wp-block-separator has-text-color has-background has-vivid-cyan-blue-background-color has-vivid-cyan-blue-color\"\/>\n\n\n\n<p class=\"has-text-align-center\"><b>&nbsp;\u2666&nbsp;<a href=\"https:\/\/www.ra-erdemir.de\/gesellschaftsrecht.html\">Gesellschaftsrecht<\/a><\/b><\/p>\n\n\n\n<p class=\"has-text-align-center\">Existenzgr\u00fcndung, Wahl der Unternehmensform, Wechsel der Gesellschaftsform&#8230;<\/p>\n\n\n\n<hr class=\"wp-block-separator has-text-color has-background has-vivid-cyan-blue-background-color has-vivid-cyan-blue-color\"\/>\n\n\n\n<h2 class=\"has-text-align-center wp-block-heading\" id=\"kontakt\">Kontakt<\/h2>\n\n\n\n<p class=\"has-text-align-center\">Damit wir mit Ihnen zusammen die beste L\u00f6sung f\u00fcr Sie finden k\u00f6nnen, nehmen Sie doch einfach unverbindlich mit uns&nbsp;Kontakt&nbsp;auf.<\/p>\n\n\n\n<p class=\"has-text-align-center\">Wir sind f\u00fcr Sie per E-Mail&nbsp;info@ra-erdemir.de&nbsp;oder telefonisch zu den folgenden B\u00fcrozeiten erreichbar:<\/p>\n\n\n\n<p class=\"has-text-align-center has-vivid-cyan-blue-color has-text-color\">Tel.: + 49 &#8211; (0) 241 &#8211; 60 20 94<br>Fax: + 49 &#8211; (0) 241 &#8211; 60 20 93<br>info@ra-erdemir.de<\/p>\n\n\n\n<p class=\"has-text-align-center\">Gerne nehmen wir uns f\u00fcr Sie Zeit und vereinbaren einen pers\u00f6nlichen Beratungstermin.<\/p>\n\n\n\n<hr class=\"wp-block-separator has-text-color has-background has-vivid-cyan-blue-background-color has-vivid-cyan-blue-color\"\/>\n\n\n\n<p class=\"has-text-align-center\">Anwaltskanzlei Erdemir &amp; Partner<br><strong><strong>Kaya Erdemir<\/strong><br>Lothringer Str. 29-31<br><a href=\"https:\/\/plzplz.de\/PLZ_52062\/\">52062<\/a> Aachen<\/strong><\/p>\n\n\n\n<iframe src=\"https:\/\/www.google.com\/maps\/embed?pb=!1m18!1m12!1m3!1d2523.2261836714706!2d6.0919584157430915!3d50.77138057952103!2m3!1f0!2f0!3f0!3m2!1i1024!2i768!4f13.1!3m3!1m2!1s0x47c09960499ae223%3A0x8ab3fcd60cc2e2eb!2sLothringerstra%C3%9Fe%2029%2C%2052062%20Aachen!5e0!3m2!1sde!2sde!4v1643219818836!5m2!1sde!2sde\" width=\"600\" height=\"450\" style=\"border:0;\" allowfullscreen=\"\" loading=\"lazy\"><\/iframe><br> <p>\n    * Mit dem Laden der Karte akzeptierst du die Datenschutzerkl\u00e4rung von Google.      <a href=\"https:\/\/policies.google.com\/privacy?hl=de\">Mehr erfahren \u00fcber google Datenschutz<\/a>\n    <\/p>\n\n\n\n<hr class=\"wp-block-separator\"\/>\n","protected":false},"excerpt":{"rendered":"<p>Herzlich Willkommen auf der Internetseite der Anwaltskanzlei Erdemir! . Anwaltskanzlei Erdemir &amp; PartnerKaya ErdemirLothringer Str. 29-3152062 Aachen Schwerpunkte \u2666 Familienrecht \u2666 Verkehrsrecht \u2666 Ausl\u00e4nderrecht \u2666 Strafrecht\u2666 Vertragsrecht &amp; Kaufrecht\u2666 Gesellschaftsrecht Jetzt anrufen Sie haben ein rechtliches Problem? Sie brauchen eine unverbindliche Rechtsberatung? Dann sind Sie bei uns richtig! Egal, ob Sie einen Rechtsstreit bef\u00fcrchten, einen &#8230; <a title=\"Herzlich Willkommen auf der Internetseite der Anwaltskanzlei Erdemir!\" class=\"read-more\" href=\"https:\/\/ra-erdemir.de\/\" aria-label=\"En savoir plus sur Herzlich Willkommen auf der Internetseite der Anwaltskanzlei Erdemir!\">Lire la suite<\/a><\/p>\n","protected":false},"author":2,"featured_media":0,"parent":0,"menu_order":0,"comment_status":"closed","ping_status":"open","template":"","meta":[],"_links":{"self":[{"href":"https:\/\/ra-erdemir.de\/index.php?rest_route=\/wp\/v2\/pages\/2"}],"collection":[{"href":"https:\/\/ra-erdemir.de\/index.php?rest_route=\/wp\/v2\/pages"}],"about":[{"href":"https:\/\/ra-erdemir.de\/index.php?rest_route=\/wp\/v2\/types\/page"}],"author":[{"embeddable":true,"href":"https:\/\/ra-erdemir.de\/index.php?rest_route=\/wp\/v2\/users\/2"}],"replies":[{"embeddable":true,"href":"https:\/\/ra-erdemir.de\/index.php?rest_route=%2Fwp%2Fv2%2Fcomments&post=2"}],"version-history":[{"count":63,"href":"https:\/\/ra-erdemir.de\/index.php?rest_route=\/wp\/v2\/pages\/2\/revisions"}],"predecessor-version":[{"id":270,"href":"https:\/\/ra-erdemir.de\/index.php?rest_route=\/wp\/v2\/pages\/2\/revisions\/270"}],"wp:attachment":[{"href":"https:\/\/ra-erdemir.de\/index.php?rest_route=%2Fwp%2Fv2%2Fmedia&parent=2"}],"curies":[{"name":"wp","href":"https:\/\/api.w.org\/{rel}","templated":true}]}}